{"id":17265,"date":"2020-12-07T20:30:53","date_gmt":"2020-12-07T19:30:53","guid":{"rendered":"https:\/\/swiss-fashion-academy.ch\/impresso\/"},"modified":"2022-10-28T14:12:43","modified_gmt":"2022-10-28T13:12:43","slug":"impresso","status":"publish","type":"page","link":"https:\/\/swiss-fashion-academy.ch\/pt\/impresso\/","title":{"rendered":"Impresso"},"content":{"rendered":"\t\t<div data-elementor-type=\"wp-page\" data-elementor-id=\"17265\" class=\"elementor elementor-17265 elementor-3955\" data-elementor-post-type=\"page\">\n\t\t\t\t\t\t<section class=\"elementor-section elementor-top-section elementor-element elementor-element-3c6402c4 elementor-section-boxed elementor-section-height-default elementor-section-height-default exad-glass-effect-no exad-sticky-section-no\" data-id=\"3c6402c4\" data-element_type=\"section\" data-e-type=\"section\">\n\t\t\t\t\t\t<div class=\"elementor-container elementor-column-gap-default\">\n\t\t\t\t\t<div class=\"elementor-column elementor-col-100 elementor-top-column elementor-element elementor-element-475bbe81 exad-glass-effect-no exad-sticky-section-no\" data-id=\"475bbe81\" data-element_type=\"column\" data-e-type=\"column\">\n\t\t\t<div class=\"elementor-widget-wrap elementor-element-populated\">\n\t\t\t\t\t\t<div class=\"elementor-element elementor-element-2ba66597 exad-sticky-section-no exad-glass-effect-no elementor-widget elementor-widget-text-editor\" data-id=\"2ba66597\" data-element_type=\"widget\" data-e-type=\"widget\" data-widget_type=\"text-editor.default\">\n\t\t\t\t\t\t\t\t\t<h3><strong>Operador do site:<\/strong><\/h3><p>Swiss Education Company GmbH<\/p><p>D\u00fcbendorfstrasse 2<\/p><p>CH-8051 Zurique<\/p><p>Telefone: <a href=\"tel:\/\/41443401070\">044 340 10 70<\/a><\/p><p>E-mail: <a title=\"\" href=\"mailto:info@secompany.ch\" target=\"_blank\" rel=\"noopener noreferrer\">info@secompany.ch<\/a><\/p><p>\u00a0<\/p><h3><strong>Inscri\u00e7\u00e3o no registo comercial:<\/strong><\/h3><p>Nome da empresa registrada: Swiss Education Company GmbH no Registro Comercial do Cant\u00e3o de Zurique<br \/>N\u00famero de registro comercial: UID CHE-115.673.740<\/p><p>\u00a0<\/p><h3><strong>N\u00famero su\u00ed\u00e7o do imposto sobre o valor agregado:<\/strong><\/h3><p>CHE-115.673.740<\/p><p>\u00a0<\/p><h3><strong>conceito web &amp; &#8211; design:<\/strong><\/h3><p><a href=\"https:\/\/swiss-business-excellence.ch\/\">Swiss Business Excellence GmbH<\/a><\/p><p>\u00a0<\/p><h3><strong>Direitos de autor:<\/strong><\/h3><p>Este site e todos os textos, gr\u00e1ficos e outros materiais associados s\u00e3o protegidos por direitos autorais. Qualquer utiliza\u00e7\u00e3o sem o consentimento pr\u00e9vio por escrito da Swiss Education Company GmbH n\u00e3o \u00e9 permitida.<\/p><p>\u00a0<\/p><h3><strong>Ren\u00fancia de responsabilidade:<\/strong><\/h3><p>O conte\u00fado deste site \u00e9 mantido com o maior cuidado poss\u00edvel. No entanto, n\u00e3o \u00e9 assumida qualquer responsabilidade pelo conte\u00fado. M\u00e1 impress\u00e3o, erros e altera\u00e7\u00f5es reservados. N\u00e3o assumimos qualquer responsabilidade pelo conte\u00fado de links externos. Os operadores das p\u00e1ginas ligadas s\u00e3o os \u00fanicos respons\u00e1veis pelo conte\u00fado das suas p\u00e1ginas.<\/p>\t\t\t\t\t\t\t\t<\/div>\n\t\t\t\t\t<\/div>\n\t\t<\/div>\n\t\t\t\t\t<\/div>\n\t\t<\/section>\n\t\t\t\t<\/div>\n\t\t","protected":false},"excerpt":{"rendered":"<p>Operador do site: Swiss Education Company GmbH D\u00fcbendorfstrasse 2 CH-8051 Zurique Telefone: 044 340 10 70 E-mail: info@secompany.ch \u00a0 Inscri\u00e7\u00e3o no registo comercial: Nome da empresa registrada: Swiss Education Company GmbH no Registro Comercial do Cant\u00e3o de ZuriqueN\u00famero de registro comercial: UID CHE-115.673.740 \u00a0 N\u00famero su\u00ed\u00e7o do imposto sobre o valor agregado: CHE-115.673.740 \u00a0 conceito [&hellip;]<\/p>\n","protected":false},"author":1,"featured_media":0,"parent":0,"menu_order":0,"comment_status":"closed","ping_status":"open","template":"","meta":{"_seopress_robots_primary_cat":"","_seopress_titles_title":"","_seopress_titles_desc":"","_seopress_robots_index":"yes","site-sidebar-layout":"default","site-content-layout":"default","ast-site-content-layout":"default","site-content-style":"default","site-sidebar-style":"default","ast-global-header-display":"","ast-banner-title-visibility":"","ast-main-header-display":"","ast-hfb-above-header-display":"","ast-hfb-below-header-display":"","ast-hfb-mobile-header-display":"","site-post-title":"","ast-breadcrumbs-content":"","ast-featured-img":"","footer-sml-layout":"","ast-disable-related-posts":"","theme-transparent-header-meta":"default","adv-header-id-meta":"","stick-header-meta":"default","header-above-stick-meta":"","header-main-stick-meta":"","header-below-stick-meta":"","astra-migrate-meta-layouts":"default","ast-page-background-enabled":"default","ast-page-background-meta":{"desktop":{"background-color":"var(--ast-global-color-4)","background-image":"","background-repeat":"repeat","background-position":"center center","background-size":"auto","background-attachment":"scroll","background-type":"","background-media":"","overlay-type":"","overlay-color":"","overlay-opacity":"","overlay-gradient":""},"tablet":{"background-color":"","background-image":"","background-repeat":"repeat","background-position":"center center","background-size":"auto","background-attachment":"scroll","background-type":"","background-media":"","overlay-type":"","overlay-color":"","overlay-opacity":"","overlay-gradient":""},"mobile":{"background-color":"","background-image":"","background-repeat":"repeat","background-position":"center center","background-size":"auto","background-attachment":"scroll","background-type":"","background-media":"","overlay-type":"","overlay-color":"","overlay-opacity":"","overlay-gradient":""}},"ast-content-background-meta":{"desktop":{"background-color":"var(--ast-global-color-5)","background-image":"","background-repeat":"repeat","background-position":"center center","background-size":"auto","background-attachment":"scroll","background-type":"","background-media":"","overlay-type":"","overlay-color":"","overlay-opacity":"","overlay-gradient":""},"tablet":{"background-color":"var(--ast-global-color-5)","background-image":"","background-repeat":"repeat","background-position":"center center","background-size":"auto","background-attachment":"scroll","background-type":"","background-media":"","overlay-type":"","overlay-color":"","overlay-opacity":"","overlay-gradient":""},"mobile":{"background-color":"var(--ast-global-color-5)","background-image":"","background-repeat":"repeat","background-position":"center center","background-size":"auto","background-attachment":"scroll","background-type":"","background-media":"","overlay-type":"","overlay-color":"","overlay-opacity":"","overlay-gradient":""}},"footnotes":""},"class_list":["post-17265","page","type-page","status-publish","hentry"],"_links":{"self":[{"href":"https:\/\/swiss-fashion-academy.ch\/pt\/wp-json\/wp\/v2\/pages\/17265","targetHints":{"allow":["GET"]}}],"collection":[{"href":"https:\/\/swiss-fashion-academy.ch\/pt\/wp-json\/wp\/v2\/pages"}],"about":[{"href":"https:\/\/swiss-fashion-academy.ch\/pt\/wp-json\/wp\/v2\/types\/page"}],"author":[{"embeddable":true,"href":"https:\/\/swiss-fashion-academy.ch\/pt\/wp-json\/wp\/v2\/users\/1"}],"replies":[{"embeddable":true,"href":"https:\/\/swiss-fashion-academy.ch\/pt\/wp-json\/wp\/v2\/comments?post=17265"}],"version-history":[{"count":0,"href":"https:\/\/swiss-fashion-academy.ch\/pt\/wp-json\/wp\/v2\/pages\/17265\/revisions"}],"wp:attachment":[{"href":"https:\/\/swiss-fashion-academy.ch\/pt\/wp-json\/wp\/v2\/media?parent=17265"}],"curies":[{"name":"wp","href":"https:\/\/api.w.org\/{rel}","templated":true}]}}