{"id":27117,"date":"2023-11-09T13:01:59","date_gmt":"2023-11-09T12:01:59","guid":{"rendered":"https:\/\/swiss-fashion-academy.ch\/?post_type=product&#038;p=27117"},"modified":"2025-10-27T16:55:18","modified_gmt":"2025-10-27T15:55:18","slug":"estilista-de-moda-mensualmente","status":"publish","type":"product","link":"https:\/\/swiss-fashion-academy.ch\/es\/producto\/estilista-de-moda-mensualmente\/","title":{"rendered":"Estilista de Moda SP"},"content":{"rendered":"<p>Formaci\u00f3n para ser dise\u00f1ador de moda: \u00bfQuieres ser dise\u00f1ador de moda y estudiar moda? Te ofrecemos un curso certificado  de 12 meses en Z\u00farich con teor\u00eda, pr\u00e1ctica y tu propio desfile de moda.<\/p>\n","protected":false},"excerpt":{"rendered":"<p>Formaci\u00f3n para ser dise\u00f1ador de moda: \u00bfQuieres ser dise\u00f1ador de moda y estudiar moda? Te ofrecemos un curso certificado de 12 meses en Z\u00farich con teor\u00eda, pr\u00e1ctica y tu propio desfile de moda.<\/p>\n","protected":false},"featured_media":21466,"comment_status":"open","ping_status":"closed","template":"","meta":{"_seopress_robots_primary_cat":"","_seopress_titles_title":"","_seopress_titles_desc":"","_seopress_robots_index":"yes","site-sidebar-layout":"default","site-content-layout":"default","ast-site-content-layout":"default","site-content-style":"default","site-sidebar-style":"default","ast-global-header-display":"","ast-banner-title-visibility":"","ast-main-header-display":"","ast-hfb-above-header-display":"","ast-hfb-below-header-display":"","ast-hfb-mobile-header-display":"","site-post-title":"","ast-breadcrumbs-content":"","ast-featured-img":"","footer-sml-layout":"","ast-disable-related-posts":"","theme-transparent-header-meta":"default","adv-header-id-meta":"","stick-header-meta":"","header-above-stick-meta":"","header-main-stick-meta":"","header-below-stick-meta":"","astra-migrate-meta-layouts":"set","ast-page-background-enabled":"default","ast-page-background-meta":{"desktop":{"background-color":"var(--ast-global-color-4)","background-image":"","background-repeat":"repeat","background-position":"center center","background-size":"auto","background-attachment":"scroll","background-type":"","background-media":"","overlay-type":"","overlay-color":"","overlay-opacity":"","overlay-gradient":""},"tablet":{"background-color":"","background-image":"","background-repeat":"repeat","background-position":"center center","background-size":"auto","background-attachment":"scroll","background-type":"","background-media":"","overlay-type":"","overlay-color":"","overlay-opacity":"","overlay-gradient":""},"mobile":{"background-color":"","background-image":"","background-repeat":"repeat","background-position":"center center","background-size":"auto","background-attachment":"scroll","background-type":"","background-media":"","overlay-type":"","overlay-color":"","overlay-opacity":"","overlay-gradient":""}},"ast-content-background-meta":{"desktop":{"background-color":"var(--ast-global-color-5)","background-image":"","background-repeat":"repeat","background-position":"center center","background-size":"auto","background-attachment":"scroll","background-type":"","background-media":"","overlay-type":"","overlay-color":"","overlay-opacity":"","overlay-gradient":""},"tablet":{"background-color":"var(--ast-global-color-5)","background-image":"","background-repeat":"repeat","background-position":"center center","background-size":"auto","background-attachment":"scroll","background-type":"","background-media":"","overlay-type":"","overlay-color":"","overlay-opacity":"","overlay-gradient":""},"mobile":{"background-color":"var(--ast-global-color-5)","background-image":"","background-repeat":"repeat","background-position":"center center","background-size":"auto","background-attachment":"scroll","background-type":"","background-media":"","overlay-type":"","overlay-color":"","overlay-opacity":"","overlay-gradient":""}}},"product_brand":[],"product_cat":[4963,4969],"product_tag":[],"class_list":{"0":"post-27117","1":"product","2":"type-product","3":"status-publish","4":"has-post-thumbnail","6":"product_cat-both-es","7":"product_cat-payment-plan-es","8":"desktop-align-left","9":"tablet-align-left","10":"mobile-align-left","11":"ast-product-gallery-layout-horizontal-slider","12":"ast-product-gallery-with-no-image","13":"ast-magnify-disabled","14":"ast-product-single-variable","15":"ast-product-tabs-layout-horizontal","17":"first","18":"instock","19":"sold-individually","20":"shipping-taxable","21":"purchasable","22":"product-type-variable-subscription","23":"has-default-attributes"},"_links":{"self":[{"href":"https:\/\/swiss-fashion-academy.ch\/es\/wp-json\/wp\/v2\/product\/27117","targetHints":{"allow":["GET"]}}],"collection":[{"href":"https:\/\/swiss-fashion-academy.ch\/es\/wp-json\/wp\/v2\/product"}],"about":[{"href":"https:\/\/swiss-fashion-academy.ch\/es\/wp-json\/wp\/v2\/types\/product"}],"replies":[{"embeddable":true,"href":"https:\/\/swiss-fashion-academy.ch\/es\/wp-json\/wp\/v2\/comments?post=27117"}],"wp:featuredmedia":[{"embeddable":true,"href":"https:\/\/swiss-fashion-academy.ch\/es\/wp-json\/wp\/v2\/media\/21466"}],"wp:attachment":[{"href":"https:\/\/swiss-fashion-academy.ch\/es\/wp-json\/wp\/v2\/media?parent=27117"}],"wp:term":[{"taxonomy":"product_brand","embeddable":true,"href":"https:\/\/swiss-fashion-academy.ch\/es\/wp-json\/wp\/v2\/product_brand?post=27117"},{"taxonomy":"product_cat","embeddable":true,"href":"https:\/\/swiss-fashion-academy.ch\/es\/wp-json\/wp\/v2\/product_cat?post=27117"},{"taxonomy":"product_tag","embeddable":true,"href":"https:\/\/swiss-fashion-academy.ch\/es\/wp-json\/wp\/v2\/product_tag?post=27117"}],"curies":[{"name":"wp","href":"https:\/\/api.w.org\/{rel}","templated":true}]}}