{"id":17268,"date":"2020-12-07T20:31:06","date_gmt":"2020-12-07T19:31:06","guid":{"rendered":"https:\/\/swiss-fashion-academy.ch\/pie-de-imprenta\/"},"modified":"2022-10-28T14:14:15","modified_gmt":"2022-10-28T13:14:15","slug":"pie-de-imprenta","status":"publish","type":"page","link":"https:\/\/swiss-fashion-academy.ch\/es\/pie-de-imprenta\/","title":{"rendered":"Pie de imprenta"},"content":{"rendered":"\t\t<div data-elementor-type=\"wp-page\" data-elementor-id=\"17268\" class=\"elementor elementor-17268 elementor-3955\" data-elementor-post-type=\"page\">\n\t\t\t\t\t\t<section class=\"elementor-section elementor-top-section elementor-element elementor-element-221a6747 elementor-section-boxed elementor-section-height-default elementor-section-height-default exad-glass-effect-no exad-sticky-section-no\" data-id=\"221a6747\" data-element_type=\"section\" data-e-type=\"section\">\n\t\t\t\t\t\t<div class=\"elementor-container elementor-column-gap-default\">\n\t\t\t\t\t<div class=\"elementor-column elementor-col-100 elementor-top-column elementor-element elementor-element-643d0264 exad-glass-effect-no exad-sticky-section-no\" data-id=\"643d0264\" data-element_type=\"column\" data-e-type=\"column\">\n\t\t\t<div class=\"elementor-widget-wrap elementor-element-populated\">\n\t\t\t\t\t\t<div class=\"elementor-element elementor-element-2b9af7a5 exad-sticky-section-no exad-glass-effect-no elementor-widget elementor-widget-text-editor\" data-id=\"2b9af7a5\" data-element_type=\"widget\" data-e-type=\"widget\" data-widget_type=\"text-editor.default\">\n\t\t\t\t\t\t\t\t\t<h3><strong>Operador del sitio web:<\/strong><\/h3><p>Swiss Education Company GmbH<\/p><p>D\u00fcbendorfstrasse 2<\/p><p>CH-8051 Z\u00farich<\/p><p>Tel\u00e9fono: <a href=\"tel:\/\/41443401070\">044 340 10 70<\/a><\/p><p>Correo electr\u00f3nico: <a title=\"\" href=\"mailto:info@secompany.ch\" target=\"_blank\" rel=\"noopener noreferrer\">info@secompany.ch<\/a><\/p><p>\u00a0<\/p><h3><strong>Inscripci\u00f3n en el registro mercantil:<\/strong><\/h3><p>Denominaci\u00f3n social: Swiss Education Company GmbH en el Registro Mercantil del Cant\u00f3n de Z\u00farich<br \/>N\u00famero de registro mercantil: UID CHE-115.673.740<\/p><p>\u00a0<\/p><h3><strong>N\u00famero del impuesto sobre el valor a\u00f1adido suizo:<\/strong><\/h3><p>CHE-115,673,740<\/p><p>\u00a0<\/p><h3><strong>Concepto de la web y el campamento; &#8211; Dise\u00f1o:<\/strong><\/h3><p><a href=\"https:\/\/swiss-business-excellence.ch\/\">Swiss Business Excellence GmbH<\/a><\/p><p>\u00a0<\/p><h3><strong>Derechos de autor:<\/strong><\/h3><p>Este sitio web y todos los textos, gr\u00e1ficos y otros materiales asociados est\u00e1n protegidos por derechos de autor. Cualquier uso sin el consentimiento previo por escrito de la Swiss Education Company GmbH no est\u00e1 permitido.<\/p><p>\u00a0<\/p><h3><strong>Descargo de responsabilidad:<\/strong><\/h3><p>El contenido de este sitio web se mantiene con el mayor cuidado posible. No obstante, no se asume ninguna responsabilidad por el contenido. Errores de imprenta, errores y cambios reservados. No asumimos ninguna responsabilidad por los contenidos de los enlaces externos. Los operadores de las p\u00e1ginas enlazadas son los \u00fanicos responsables del contenido de sus p\u00e1ginas.<\/p>\t\t\t\t\t\t\t\t<\/div>\n\t\t\t\t\t<\/div>\n\t\t<\/div>\n\t\t\t\t\t<\/div>\n\t\t<\/section>\n\t\t\t\t<\/div>\n\t\t","protected":false},"excerpt":{"rendered":"<p>Operador del sitio web: Swiss Education Company GmbH D\u00fcbendorfstrasse 2 CH-8051 Z\u00farich Tel\u00e9fono: 044 340 10 70 Correo electr\u00f3nico: info@secompany.ch \u00a0 Inscripci\u00f3n en el registro mercantil: Denominaci\u00f3n social: Swiss Education Company GmbH en el Registro Mercantil del Cant\u00f3n de Z\u00farichN\u00famero de registro mercantil: UID CHE-115.673.740 \u00a0 N\u00famero del impuesto sobre el valor a\u00f1adido suizo: CHE-115,673,740 [&hellip;]<\/p>\n","protected":false},"author":1,"featured_media":0,"parent":0,"menu_order":0,"comment_status":"closed","ping_status":"open","template":"","meta":{"_seopress_robots_primary_cat":"","_seopress_titles_title":"","_seopress_titles_desc":"","_seopress_robots_index":"yes","site-sidebar-layout":"default","site-content-layout":"default","ast-site-content-layout":"default","site-content-style":"default","site-sidebar-style":"default","ast-global-header-display":"","ast-banner-title-visibility":"","ast-main-header-display":"","ast-hfb-above-header-display":"","ast-hfb-below-header-display":"","ast-hfb-mobile-header-display":"","site-post-title":"","ast-breadcrumbs-content":"","ast-featured-img":"","footer-sml-layout":"","ast-disable-related-posts":"","theme-transparent-header-meta":"default","adv-header-id-meta":"","stick-header-meta":"default","header-above-stick-meta":"","header-main-stick-meta":"","header-below-stick-meta":"","astra-migrate-meta-layouts":"default","ast-page-background-enabled":"default","ast-page-background-meta":{"desktop":{"background-color":"var(--ast-global-color-4)","background-image":"","background-repeat":"repeat","background-position":"center center","background-size":"auto","background-attachment":"scroll","background-type":"","background-media":"","overlay-type":"","overlay-color":"","overlay-opacity":"","overlay-gradient":""},"tablet":{"background-color":"","background-image":"","background-repeat":"repeat","background-position":"center center","background-size":"auto","background-attachment":"scroll","background-type":"","background-media":"","overlay-type":"","overlay-color":"","overlay-opacity":"","overlay-gradient":""},"mobile":{"background-color":"","background-image":"","background-repeat":"repeat","background-position":"center center","background-size":"auto","background-attachment":"scroll","background-type":"","background-media":"","overlay-type":"","overlay-color":"","overlay-opacity":"","overlay-gradient":""}},"ast-content-background-meta":{"desktop":{"background-color":"var(--ast-global-color-5)","background-image":"","background-repeat":"repeat","background-position":"center center","background-size":"auto","background-attachment":"scroll","background-type":"","background-media":"","overlay-type":"","overlay-color":"","overlay-opacity":"","overlay-gradient":""},"tablet":{"background-color":"var(--ast-global-color-5)","background-image":"","background-repeat":"repeat","background-position":"center center","background-size":"auto","background-attachment":"scroll","background-type":"","background-media":"","overlay-type":"","overlay-color":"","overlay-opacity":"","overlay-gradient":""},"mobile":{"background-color":"var(--ast-global-color-5)","background-image":"","background-repeat":"repeat","background-position":"center center","background-size":"auto","background-attachment":"scroll","background-type":"","background-media":"","overlay-type":"","overlay-color":"","overlay-opacity":"","overlay-gradient":""}},"footnotes":""},"class_list":["post-17268","page","type-page","status-publish","hentry"],"_links":{"self":[{"href":"https:\/\/swiss-fashion-academy.ch\/es\/wp-json\/wp\/v2\/pages\/17268","targetHints":{"allow":["GET"]}}],"collection":[{"href":"https:\/\/swiss-fashion-academy.ch\/es\/wp-json\/wp\/v2\/pages"}],"about":[{"href":"https:\/\/swiss-fashion-academy.ch\/es\/wp-json\/wp\/v2\/types\/page"}],"author":[{"embeddable":true,"href":"https:\/\/swiss-fashion-academy.ch\/es\/wp-json\/wp\/v2\/users\/1"}],"replies":[{"embeddable":true,"href":"https:\/\/swiss-fashion-academy.ch\/es\/wp-json\/wp\/v2\/comments?post=17268"}],"version-history":[{"count":0,"href":"https:\/\/swiss-fashion-academy.ch\/es\/wp-json\/wp\/v2\/pages\/17268\/revisions"}],"wp:attachment":[{"href":"https:\/\/swiss-fashion-academy.ch\/es\/wp-json\/wp\/v2\/media?parent=17268"}],"curies":[{"name":"wp","href":"https:\/\/api.w.org\/{rel}","templated":true}]}}